{"id":738,"date":"2024-10-11T07:26:45","date_gmt":"2024-10-11T06:26:45","guid":{"rendered":"https:\/\/www.baumpflege-berndfischer.de\/?page_id=738"},"modified":"2024-10-11T18:22:48","modified_gmt":"2024-10-11T17:22:48","slug":"beratung","status":"publish","type":"page","link":"https:\/\/www.baumpflege-berndfischer.de\/home\/leistungen\/beratung\/","title":{"rendered":"Beratung"},"content":{"rendered":"\t\t<div data-elementor-type=\"wp-page\" data-elementor-id=\"738\" class=\"elementor elementor-738\">\n\t\t\t\t<div class=\"elementor-element elementor-element-15ed8212 e-flex e-con-boxed e-con e-parent\" data-id=\"15ed8212\" data-element_type=\"container\" data-e-type=\"container\">\n\t\t\t\t\t<div class=\"e-con-inner\">\n\t\t\t\t<div class=\"elementor-element elementor-element-3cb4f505 elementor-widget elementor-widget-text-editor\" data-id=\"3cb4f505\" data-element_type=\"widget\" data-e-type=\"widget\" data-widget_type=\"text-editor.default\">\n\t\t\t\t<div class=\"elementor-widget-container\">\n\t\t\t\t\t\t\t\t\t<p><\/p>\n<p><strong>Baum-Beratung: Kompetent und Individuell<\/strong><\/p>\n<p>Eine gute Beratung ist der erste Schritt zu gesunden, langlebigen B\u00e4umen und einem nachhaltigen Gr\u00fcnraum. Als erfahrener Baumpfleger biete ich Ihnen eine umfassende und pers\u00f6nliche Beratung rund um das Thema B\u00e4ume \u2013 von der Neupflanzung \u00fcber die Pflege bis hin zur F\u00e4llung.<\/p>\n<p><strong>Meine Beratung umfasst:<\/strong><\/p>\n<ul>\n<li><strong>Baumstandorte:<\/strong> Welcher Baum ist der richtige f\u00fcr welchen Standort? Ich helfe Ihnen, die beste Wahl zu treffen, damit der Baum optimal gedeihen kann.<\/li>\n<li><strong>Baumpflege und Baumschnitt:<\/strong> Wann und wie soll geschnitten werden? Ich berate Sie zu den besten Pflegema\u00dfnahmen, um das Wachstum zu f\u00f6rdern und die Baumgesundheit zu erhalten.<\/li>\n<li><strong>Baumschutz:<\/strong> Ich zeige Ihnen, wie Sie B\u00e4ume vor Sch\u00e4dlingen, Krankheiten und Umwelteinfl\u00fcssen sch\u00fctzen k\u00f6nnen.<\/li>\n<li><strong>Altbaumerhalt:<\/strong> Gerade bei alten B\u00e4umen ist eine sorgsame Pflege entscheidend. Ich gebe Ihnen Empfehlungen, wie Sie Ihren Altbaum erhalten und vor Gefahren wie Sturmsch\u00e4den sch\u00fctzen k\u00f6nnen.<\/li>\n<\/ul>\n<p><strong><br \/>Ihre Vorteile:<\/strong><\/p>\n<ul>\n<li><strong>Individuelle Betreuung: <\/strong>Ich gehe individuell auf die Bed\u00fcrfnisse Ihrer B\u00e4ume ein.\u00a0<\/li>\n<li><strong>Fachkompetenz und Erfahrung:<\/strong> Durch meine langj\u00e4hrige Erfahrung als Baumpfleger garantiere ich Ihnen eine Beratung auf dem neuesten Stand\u00a0<\/li>\n<li><strong>Nachhaltige L\u00f6sungen:<\/strong> Mein Fokus liegt darauf, nat\u00fcrliche Ressourcen zu schonen und eine langfristige Gesundheit der B\u00e4ume zu sichern.<\/li>\n<\/ul>\n<p>Ob es um einen einzelnen Baum in Ihrem Garten oder um gr\u00f6\u00dfere Baumgruppen auf Ihrem Grundst\u00fcck geht \u2013 ich stehe Ihnen als zuverl\u00e4ssiger Partner zur Seite. Kontaktieren Sie mich gerne!<\/p>\n<p><\/p>\n<p><\/p>\t\t\t\t\t\t\t\t<\/div>\n\t\t\t\t<\/div>\n\t\t\t\t\t<\/div>\n\t\t\t\t<\/div>\n\t\t\t\t<\/div>\n\t\t","protected":false},"excerpt":{"rendered":"<p>Baum-Beratung: Kompetent und Individuell Eine gute Beratung ist der erste Schritt zu gesunden, langlebigen B\u00e4umen und einem nachhaltigen Gr\u00fcnraum. Als erfahrener Baumpfleger biete ich Ihnen eine umfassende und pers\u00f6nliche Beratung rund um das Thema B\u00e4ume \u2013 von der Neupflanzung \u00fcber die Pflege bis hin zur F\u00e4llung. Meine Beratung umfasst: Baumstandorte: Welcher Baum ist der richtige [&hellip;]<\/p>\n","protected":false},"author":2,"featured_media":0,"parent":14,"menu_order":0,"comment_status":"closed","ping_status":"closed","template":"","meta":{"ocean_post_layout":"full-screen","ocean_both_sidebars_style":"","ocean_both_sidebars_content_width":0,"ocean_both_sidebars_sidebars_width":0,"ocean_sidebar":"","ocean_second_sidebar":"","ocean_disable_margins":"enable","ocean_add_body_class":"","ocean_shortcode_before_top_bar":"","ocean_shortcode_after_top_bar":"","ocean_shortcode_before_header":"","ocean_shortcode_after_header":"","ocean_has_shortcode":"","ocean_shortcode_after_title":"","ocean_shortcode_before_footer_widgets":"","ocean_shortcode_after_footer_widgets":"","ocean_shortcode_before_footer_bottom":"","ocean_shortcode_after_footer_bottom":"","ocean_display_top_bar":"off","ocean_display_header":"default","ocean_header_style":"","ocean_center_header_left_menu":"","ocean_custom_header_template":"","ocean_custom_logo":0,"ocean_custom_retina_logo":0,"ocean_custom_logo_max_width":0,"ocean_custom_logo_tablet_max_width":0,"ocean_custom_logo_mobile_max_width":0,"ocean_custom_logo_max_height":0,"ocean_custom_logo_tablet_max_height":0,"ocean_custom_logo_mobile_max_height":0,"ocean_header_custom_menu":"","ocean_menu_typo_font_family":"","ocean_menu_typo_font_subset":"","ocean_menu_typo_font_size":0,"ocean_menu_typo_font_size_tablet":0,"ocean_menu_typo_font_size_mobile":0,"ocean_menu_typo_font_size_unit":"px","ocean_menu_typo_font_weight":"","ocean_menu_typo_font_weight_tablet":"","ocean_menu_typo_font_weight_mobile":"","ocean_menu_typo_transform":"","ocean_menu_typo_transform_tablet":"","ocean_menu_typo_transform_mobile":"","ocean_menu_typo_line_height":0,"ocean_menu_typo_line_height_tablet":0,"ocean_menu_typo_line_height_mobile":0,"ocean_menu_typo_line_height_unit":"","ocean_menu_typo_spacing":0,"ocean_menu_typo_spacing_tablet":0,"ocean_menu_typo_spacing_mobile":0,"ocean_menu_typo_spacing_unit":"","ocean_menu_link_color":"","ocean_menu_link_color_hover":"","ocean_menu_link_color_active":"","ocean_menu_link_background":"","ocean_menu_link_hover_background":"","ocean_menu_link_active_background":"","ocean_menu_social_links_bg":"","ocean_menu_social_hover_links_bg":"","ocean_menu_social_links_color":"","ocean_menu_social_hover_links_color":"","ocean_disable_title":"on","ocean_disable_heading":"default","ocean_post_title":"","ocean_post_subheading":"","ocean_post_title_style":"","ocean_post_title_background_color":"","ocean_post_title_background":0,"ocean_post_title_bg_image_position":"","ocean_post_title_bg_image_attachment":"","ocean_post_title_bg_image_repeat":"","ocean_post_title_bg_image_size":"","ocean_post_title_height":0,"ocean_post_title_bg_overlay":0.5,"ocean_post_title_bg_overlay_color":"","ocean_disable_breadcrumbs":"default","ocean_breadcrumbs_color":"","ocean_breadcrumbs_separator_color":"","ocean_breadcrumbs_links_color":"","ocean_breadcrumbs_links_hover_color":"","ocean_display_footer_widgets":"off","ocean_display_footer_bottom":"off","ocean_custom_footer_template":"","footnotes":""},"class_list":["post-738","page","type-page","status-publish","hentry","entry"],"_links":{"self":[{"href":"https:\/\/www.baumpflege-berndfischer.de\/home\/wp-json\/wp\/v2\/pages\/738"}],"collection":[{"href":"https:\/\/www.baumpflege-berndfischer.de\/home\/wp-json\/wp\/v2\/pages"}],"about":[{"href":"https:\/\/www.baumpflege-berndfischer.de\/home\/wp-json\/wp\/v2\/types\/page"}],"author":[{"embeddable":true,"href":"https:\/\/www.baumpflege-berndfischer.de\/home\/wp-json\/wp\/v2\/users\/2"}],"replies":[{"embeddable":true,"href":"https:\/\/www.baumpflege-berndfischer.de\/home\/wp-json\/wp\/v2\/comments?post=738"}],"version-history":[{"count":9,"href":"https:\/\/www.baumpflege-berndfischer.de\/home\/wp-json\/wp\/v2\/pages\/738\/revisions"}],"predecessor-version":[{"id":878,"href":"https:\/\/www.baumpflege-berndfischer.de\/home\/wp-json\/wp\/v2\/pages\/738\/revisions\/878"}],"up":[{"embeddable":true,"href":"https:\/\/www.baumpflege-berndfischer.de\/home\/wp-json\/wp\/v2\/pages\/14"}],"wp:attachment":[{"href":"https:\/\/www.baumpflege-berndfischer.de\/home\/wp-json\/wp\/v2\/media?parent=738"}],"curies":[{"name":"wp","href":"https:\/\/api.w.org\/{rel}","templated":true}]}}