{"id":842,"date":"2024-10-11T19:08:23","date_gmt":"2024-10-11T18:08:23","guid":{"rendered":"https:\/\/www.baumpflege-berndfischer.de\/home\/?page_id=842"},"modified":"2024-10-11T19:18:54","modified_gmt":"2024-10-11T18:18:54","slug":"jungbaumpflege","status":"publish","type":"page","link":"https:\/\/www.baumpflege-berndfischer.de\/home\/leistungen\/jungbaumpflege\/","title":{"rendered":"Jungbaumpflege"},"content":{"rendered":"\t\t<div data-elementor-type=\"wp-page\" data-elementor-id=\"842\" class=\"elementor elementor-842\">\n\t\t\t\t<div class=\"elementor-element elementor-element-a7e17fd e-flex e-con-boxed e-con e-parent\" data-id=\"a7e17fd\" data-element_type=\"container\" data-e-type=\"container\">\n\t\t\t\t\t<div class=\"e-con-inner\">\n\t\t\t\t<div class=\"elementor-element elementor-element-4caa761 elementor-widget elementor-widget-text-editor\" data-id=\"4caa761\" data-element_type=\"widget\" data-e-type=\"widget\" data-widget_type=\"text-editor.default\">\n\t\t\t\t<div class=\"elementor-widget-container\">\n\t\t\t\t\t\t\t\t\t<h3><strong>Jungbaumpflege: Der Grundstein f\u00fcr ein gesundes Baumleben<\/strong><\/h3><p>Die Pflege junger B\u00e4ume ist entscheidend f\u00fcr ihr langfristiges Wachstum und ihre Widerstandsf\u00e4higkeit. In den ersten Jahren nach der Pflanzung sind B\u00e4ume besonders anf\u00e4llig f\u00fcr Umwelteinfl\u00fcsse und Fehlentwicklungen. Mit einer gezielten Jungbaumpflege sichern Sie die gesunde Entwicklung und legen den Grundstein f\u00fcr einen stabilen, langlebigen Baum.<\/p><p><strong><br \/>Warum ist Jungbaumpflege so wichtig?<\/strong> <br \/>Junge B\u00e4ume sind noch nicht voll etabliert und ben\u00f6tigen in den ersten Jahren besondere Aufmerksamkeit. Eine fachgerechte Pflege sorgt daf\u00fcr, dass sich der Baum stabil verwurzelt, gerade w\u00e4chst und sich optimal an seine Umgebung anpasst. Fehler in dieser Phase k\u00f6nnen zu Wachstumsst\u00f6rungen oder Sch\u00e4den f\u00fchren, die sp\u00e4ter nur schwer oder gar nicht mehr korrigierbar sind.<\/p>\t\t\t\t\t\t\t\t<\/div>\n\t\t\t\t<\/div>\n\t\t\t\t\t<\/div>\n\t\t\t\t<\/div>\n\t\t\t\t<\/div>\n\t\t","protected":false},"excerpt":{"rendered":"<p>Jungbaumpflege: Der Grundstein f\u00fcr ein gesundes Baumleben Die Pflege junger B\u00e4ume ist entscheidend f\u00fcr ihr langfristiges Wachstum und ihre Widerstandsf\u00e4higkeit. In den ersten Jahren nach der Pflanzung sind B\u00e4ume besonders anf\u00e4llig f\u00fcr Umwelteinfl\u00fcsse und Fehlentwicklungen. Mit einer gezielten Jungbaumpflege sichern Sie die gesunde Entwicklung und legen den Grundstein f\u00fcr einen stabilen, langlebigen Baum. Warum ist [&hellip;]<\/p>\n","protected":false},"author":2,"featured_media":0,"parent":14,"menu_order":0,"comment_status":"closed","ping_status":"closed","template":"","meta":{"ocean_post_layout":"full-screen","ocean_both_sidebars_style":"","ocean_both_sidebars_content_width":0,"ocean_both_sidebars_sidebars_width":0,"ocean_sidebar":"","ocean_second_sidebar":"","ocean_disable_margins":"enable","ocean_add_body_class":"","ocean_shortcode_before_top_bar":"","ocean_shortcode_after_top_bar":"","ocean_shortcode_before_header":"","ocean_shortcode_after_header":"","ocean_has_shortcode":"","ocean_shortcode_after_title":"","ocean_shortcode_before_footer_widgets":"","ocean_shortcode_after_footer_widgets":"","ocean_shortcode_before_footer_bottom":"","ocean_shortcode_after_footer_bottom":"","ocean_display_top_bar":"off","ocean_display_header":"default","ocean_header_style":"","ocean_center_header_left_menu":"","ocean_custom_header_template":"","ocean_custom_logo":0,"ocean_custom_retina_logo":0,"ocean_custom_logo_max_width":0,"ocean_custom_logo_tablet_max_width":0,"ocean_custom_logo_mobile_max_width":0,"ocean_custom_logo_max_height":0,"ocean_custom_logo_tablet_max_height":0,"ocean_custom_logo_mobile_max_height":0,"ocean_header_custom_menu":"","ocean_menu_typo_font_family":"","ocean_menu_typo_font_subset":"","ocean_menu_typo_font_size":0,"ocean_menu_typo_font_size_tablet":0,"ocean_menu_typo_font_size_mobile":0,"ocean_menu_typo_font_size_unit":"px","ocean_menu_typo_font_weight":"","ocean_menu_typo_font_weight_tablet":"","ocean_menu_typo_font_weight_mobile":"","ocean_menu_typo_transform":"","ocean_menu_typo_transform_tablet":"","ocean_menu_typo_transform_mobile":"","ocean_menu_typo_line_height":0,"ocean_menu_typo_line_height_tablet":0,"ocean_menu_typo_line_height_mobile":0,"ocean_menu_typo_line_height_unit":"","ocean_menu_typo_spacing":0,"ocean_menu_typo_spacing_tablet":0,"ocean_menu_typo_spacing_mobile":0,"ocean_menu_typo_spacing_unit":"","ocean_menu_link_color":"","ocean_menu_link_color_hover":"","ocean_menu_link_color_active":"","ocean_menu_link_background":"","ocean_menu_link_hover_background":"","ocean_menu_link_active_background":"","ocean_menu_social_links_bg":"","ocean_menu_social_hover_links_bg":"","ocean_menu_social_links_color":"","ocean_menu_social_hover_links_color":"","ocean_disable_title":"on","ocean_disable_heading":"default","ocean_post_title":"","ocean_post_subheading":"","ocean_post_title_style":"","ocean_post_title_background_color":"","ocean_post_title_background":0,"ocean_post_title_bg_image_position":"","ocean_post_title_bg_image_attachment":"","ocean_post_title_bg_image_repeat":"","ocean_post_title_bg_image_size":"","ocean_post_title_height":0,"ocean_post_title_bg_overlay":0.5,"ocean_post_title_bg_overlay_color":"","ocean_disable_breadcrumbs":"default","ocean_breadcrumbs_color":"","ocean_breadcrumbs_separator_color":"","ocean_breadcrumbs_links_color":"","ocean_breadcrumbs_links_hover_color":"","ocean_display_footer_widgets":"off","ocean_display_footer_bottom":"off","ocean_custom_footer_template":"","footnotes":""},"class_list":["post-842","page","type-page","status-publish","hentry","entry"],"_links":{"self":[{"href":"https:\/\/www.baumpflege-berndfischer.de\/home\/wp-json\/wp\/v2\/pages\/842"}],"collection":[{"href":"https:\/\/www.baumpflege-berndfischer.de\/home\/wp-json\/wp\/v2\/pages"}],"about":[{"href":"https:\/\/www.baumpflege-berndfischer.de\/home\/wp-json\/wp\/v2\/types\/page"}],"author":[{"embeddable":true,"href":"https:\/\/www.baumpflege-berndfischer.de\/home\/wp-json\/wp\/v2\/users\/2"}],"replies":[{"embeddable":true,"href":"https:\/\/www.baumpflege-berndfischer.de\/home\/wp-json\/wp\/v2\/comments?post=842"}],"version-history":[{"count":8,"href":"https:\/\/www.baumpflege-berndfischer.de\/home\/wp-json\/wp\/v2\/pages\/842\/revisions"}],"predecessor-version":[{"id":955,"href":"https:\/\/www.baumpflege-berndfischer.de\/home\/wp-json\/wp\/v2\/pages\/842\/revisions\/955"}],"up":[{"embeddable":true,"href":"https:\/\/www.baumpflege-berndfischer.de\/home\/wp-json\/wp\/v2\/pages\/14"}],"wp:attachment":[{"href":"https:\/\/www.baumpflege-berndfischer.de\/home\/wp-json\/wp\/v2\/media?parent=842"}],"curies":[{"name":"wp","href":"https:\/\/api.w.org\/{rel}","templated":true}]}}