{"id":848,"date":"2024-10-11T19:19:39","date_gmt":"2024-10-11T18:19:39","guid":{"rendered":"https:\/\/www.baumpflege-berndfischer.de\/home\/?page_id=848"},"modified":"2024-11-06T12:33:07","modified_gmt":"2024-11-06T11:33:07","slug":"fassadenfreischnitt","status":"publish","type":"page","link":"https:\/\/www.baumpflege-berndfischer.de\/home\/leistungen\/fassadenfreischnitt\/","title":{"rendered":"Fassadenfreischnitt"},"content":{"rendered":"\t\t<div data-elementor-type=\"wp-page\" data-elementor-id=\"848\" class=\"elementor elementor-848\">\n\t\t\t\t<div class=\"elementor-element elementor-element-dd727e8 e-flex e-con-boxed e-con e-parent\" data-id=\"dd727e8\" data-element_type=\"container\" data-e-type=\"container\">\n\t\t\t\t\t<div class=\"e-con-inner\">\n\t\t\t\t<div class=\"elementor-element elementor-element-34e0d42 elementor-widget elementor-widget-text-editor\" data-id=\"34e0d42\" data-element_type=\"widget\" data-e-type=\"widget\" data-widget_type=\"text-editor.default\">\n\t\t\t\t<div class=\"elementor-widget-container\">\n\t\t\t\t\t\t\t\t\t<h3><strong>Fassadenfreischnitt: Schutz Ihres Geb\u00e4udes vor Sch\u00e4den<\/strong><\/h3>\n<p>Stehen Baume nah an Geb\u00e4uden, ist ein gewisser Abstand zur Fassade, zum Dach und zur Regenrinne unerl\u00e4sslich. So wird sichergestellt, dass auch bei Wind die \u00c4ste keine Sch\u00e4den am Geb\u00e4ude verursachen. Der Fassadenfreischnitt dient zudem der Sichtbarkeit und Funktion von Verkehrszeichen, Stra\u00dfenlampen und Hausnummern, die jederzeit frei zug\u00e4nglich und klar erkennbar bleiben m\u00fcssen.<\/p>\t\t\t\t\t\t\t\t<\/div>\n\t\t\t\t<\/div>\n\t\t\t\t\t<\/div>\n\t\t\t\t<\/div>\n\t\t\t\t<\/div>\n\t\t","protected":false},"excerpt":{"rendered":"<p>Fassadenfreischnitt: Schutz Ihres Geb\u00e4udes vor Sch\u00e4den Stehen Baume nah an Geb\u00e4uden, ist ein gewisser Abstand zur Fassade, zum Dach und zur Regenrinne unerl\u00e4sslich. So wird sichergestellt, dass auch bei Wind die \u00c4ste keine Sch\u00e4den am Geb\u00e4ude verursachen. Der Fassadenfreischnitt dient zudem der Sichtbarkeit und Funktion von Verkehrszeichen, Stra\u00dfenlampen und Hausnummern, die jederzeit frei zug\u00e4nglich und [&hellip;]<\/p>\n","protected":false},"author":2,"featured_media":0,"parent":14,"menu_order":0,"comment_status":"closed","ping_status":"closed","template":"","meta":{"ocean_post_layout":"full-screen","ocean_both_sidebars_style":"","ocean_both_sidebars_content_width":0,"ocean_both_sidebars_sidebars_width":0,"ocean_sidebar":"","ocean_second_sidebar":"","ocean_disable_margins":"enable","ocean_add_body_class":"","ocean_shortcode_before_top_bar":"","ocean_shortcode_after_top_bar":"","ocean_shortcode_before_header":"","ocean_shortcode_after_header":"","ocean_has_shortcode":"","ocean_shortcode_after_title":"","ocean_shortcode_before_footer_widgets":"","ocean_shortcode_after_footer_widgets":"","ocean_shortcode_before_footer_bottom":"","ocean_shortcode_after_footer_bottom":"","ocean_display_top_bar":"off","ocean_display_header":"default","ocean_header_style":"","ocean_center_header_left_menu":"","ocean_custom_header_template":"","ocean_custom_logo":0,"ocean_custom_retina_logo":0,"ocean_custom_logo_max_width":0,"ocean_custom_logo_tablet_max_width":0,"ocean_custom_logo_mobile_max_width":0,"ocean_custom_logo_max_height":0,"ocean_custom_logo_tablet_max_height":0,"ocean_custom_logo_mobile_max_height":0,"ocean_header_custom_menu":"","ocean_menu_typo_font_family":"","ocean_menu_typo_font_subset":"","ocean_menu_typo_font_size":0,"ocean_menu_typo_font_size_tablet":0,"ocean_menu_typo_font_size_mobile":0,"ocean_menu_typo_font_size_unit":"px","ocean_menu_typo_font_weight":"","ocean_menu_typo_font_weight_tablet":"","ocean_menu_typo_font_weight_mobile":"","ocean_menu_typo_transform":"","ocean_menu_typo_transform_tablet":"","ocean_menu_typo_transform_mobile":"","ocean_menu_typo_line_height":0,"ocean_menu_typo_line_height_tablet":0,"ocean_menu_typo_line_height_mobile":0,"ocean_menu_typo_line_height_unit":"","ocean_menu_typo_spacing":0,"ocean_menu_typo_spacing_tablet":0,"ocean_menu_typo_spacing_mobile":0,"ocean_menu_typo_spacing_unit":"","ocean_menu_link_color":"","ocean_menu_link_color_hover":"","ocean_menu_link_color_active":"","ocean_menu_link_background":"","ocean_menu_link_hover_background":"","ocean_menu_link_active_background":"","ocean_menu_social_links_bg":"","ocean_menu_social_hover_links_bg":"","ocean_menu_social_links_color":"","ocean_menu_social_hover_links_color":"","ocean_disable_title":"on","ocean_disable_heading":"default","ocean_post_title":"","ocean_post_subheading":"","ocean_post_title_style":"","ocean_post_title_background_color":"","ocean_post_title_background":0,"ocean_post_title_bg_image_position":"","ocean_post_title_bg_image_attachment":"","ocean_post_title_bg_image_repeat":"","ocean_post_title_bg_image_size":"","ocean_post_title_height":0,"ocean_post_title_bg_overlay":0.5,"ocean_post_title_bg_overlay_color":"","ocean_disable_breadcrumbs":"default","ocean_breadcrumbs_color":"","ocean_breadcrumbs_separator_color":"","ocean_breadcrumbs_links_color":"","ocean_breadcrumbs_links_hover_color":"","ocean_display_footer_widgets":"off","ocean_display_footer_bottom":"off","ocean_custom_footer_template":"","footnotes":""},"class_list":["post-848","page","type-page","status-publish","hentry","entry"],"_links":{"self":[{"href":"https:\/\/www.baumpflege-berndfischer.de\/home\/wp-json\/wp\/v2\/pages\/848"}],"collection":[{"href":"https:\/\/www.baumpflege-berndfischer.de\/home\/wp-json\/wp\/v2\/pages"}],"about":[{"href":"https:\/\/www.baumpflege-berndfischer.de\/home\/wp-json\/wp\/v2\/types\/page"}],"author":[{"embeddable":true,"href":"https:\/\/www.baumpflege-berndfischer.de\/home\/wp-json\/wp\/v2\/users\/2"}],"replies":[{"embeddable":true,"href":"https:\/\/www.baumpflege-berndfischer.de\/home\/wp-json\/wp\/v2\/comments?post=848"}],"version-history":[{"count":12,"href":"https:\/\/www.baumpflege-berndfischer.de\/home\/wp-json\/wp\/v2\/pages\/848\/revisions"}],"predecessor-version":[{"id":1013,"href":"https:\/\/www.baumpflege-berndfischer.de\/home\/wp-json\/wp\/v2\/pages\/848\/revisions\/1013"}],"up":[{"embeddable":true,"href":"https:\/\/www.baumpflege-berndfischer.de\/home\/wp-json\/wp\/v2\/pages\/14"}],"wp:attachment":[{"href":"https:\/\/www.baumpflege-berndfischer.de\/home\/wp-json\/wp\/v2\/media?parent=848"}],"curies":[{"name":"wp","href":"https:\/\/api.w.org\/{rel}","templated":true}]}}