{"id":850,"date":"2024-10-11T19:24:07","date_gmt":"2024-10-11T18:24:07","guid":{"rendered":"https:\/\/www.baumpflege-berndfischer.de\/home\/?page_id=850"},"modified":"2025-02-08T12:11:06","modified_gmt":"2025-02-08T11:11:06","slug":"kronenauslichtung","status":"publish","type":"page","link":"https:\/\/www.baumpflege-berndfischer.de\/home\/leistungen\/kronenauslichtung\/","title":{"rendered":"Kronenauslichtung"},"content":{"rendered":"\t\t<div data-elementor-type=\"wp-page\" data-elementor-id=\"850\" class=\"elementor elementor-850\">\n\t\t\t\t<div class=\"elementor-element elementor-element-ce65afc e-flex e-con-boxed e-con e-parent\" data-id=\"ce65afc\" data-element_type=\"container\" data-e-type=\"container\">\n\t\t\t\t\t<div class=\"e-con-inner\">\n\t\t\t\t<div class=\"elementor-element elementor-element-13f1192 elementor-widget elementor-widget-image\" data-id=\"13f1192\" data-element_type=\"widget\" data-e-type=\"widget\" data-widget_type=\"image.default\">\n\t\t\t\t<div class=\"elementor-widget-container\">\n\t\t\t\t\t\t\t\t\t\t\t\t<figure class=\"wp-caption\">\n\t\t\t\t\t\t\t\t\t\t<img fetchpriority=\"high\" decoding=\"async\" width=\"225\" height=\"300\" src=\"https:\/\/www.baumpflege-berndfischer.de\/wp-content\/uploads\/2017\/11\/Ausgangssituation-e1550828853210-225x300.jpg\" class=\"attachment-medium size-medium wp-image-393\" alt=\"\" srcset=\"https:\/\/www.baumpflege-berndfischer.de\/wp-content\/uploads\/2017\/11\/Ausgangssituation-e1550828853210-225x300.jpg 225w, https:\/\/www.baumpflege-berndfischer.de\/wp-content\/uploads\/2017\/11\/Ausgangssituation-e1550828853210-768x1024.jpg 768w, https:\/\/www.baumpflege-berndfischer.de\/wp-content\/uploads\/2017\/11\/Ausgangssituation-e1550828853210.jpg 1200w\" sizes=\"(max-width: 225px) 100vw, 225px\" \/>\t\t\t\t\t\t\t\t\t\t\t<figcaption class=\"widget-image-caption wp-caption-text\">Ausgangssituation<\/figcaption>\n\t\t\t\t\t\t\t\t\t\t<\/figure>\n\t\t\t\t\t\t\t\t\t<\/div>\n\t\t\t\t<\/div>\n\t\t\t\t<div class=\"elementor-element elementor-element-ad0571a elementor-widget elementor-widget-image\" data-id=\"ad0571a\" data-element_type=\"widget\" data-e-type=\"widget\" data-widget_type=\"image.default\">\n\t\t\t\t<div class=\"elementor-widget-container\">\n\t\t\t\t\t\t\t\t\t\t\t\t<figure class=\"wp-caption\">\n\t\t\t\t\t\t\t\t\t\t<img decoding=\"async\" width=\"225\" height=\"300\" src=\"https:\/\/www.baumpflege-berndfischer.de\/wp-content\/uploads\/2017\/11\/Kroneneink\u00fcrzung-23.11.2017-e1550828825131-225x300.jpg\" class=\"attachment-medium size-medium wp-image-394\" alt=\"\" srcset=\"https:\/\/www.baumpflege-berndfischer.de\/wp-content\/uploads\/2017\/11\/Kroneneink\u00fcrzung-23.11.2017-e1550828825131-225x300.jpg 225w, https:\/\/www.baumpflege-berndfischer.de\/wp-content\/uploads\/2017\/11\/Kroneneink\u00fcrzung-23.11.2017-e1550828825131-768x1024.jpg 768w, https:\/\/www.baumpflege-berndfischer.de\/wp-content\/uploads\/2017\/11\/Kroneneink\u00fcrzung-23.11.2017-e1550828825131.jpg 1200w\" sizes=\"(max-width: 225px) 100vw, 225px\" \/>\t\t\t\t\t\t\t\t\t\t\t<figcaption class=\"widget-image-caption wp-caption-text\">nach Kroneneink\u00fcrzung<\/figcaption>\n\t\t\t\t\t\t\t\t\t\t<\/figure>\n\t\t\t\t\t\t\t\t\t<\/div>\n\t\t\t\t<\/div>\n\t\t<div class=\"elementor-element elementor-element-891a310 e-con-full e-flex e-con e-child\" data-id=\"891a310\" data-element_type=\"container\" data-e-type=\"container\">\n\t\t\t\t<div class=\"elementor-element elementor-element-6a415eb elementor-widget elementor-widget-text-editor\" data-id=\"6a415eb\" data-element_type=\"widget\" data-e-type=\"widget\" data-widget_type=\"text-editor.default\">\n\t\t\t\t<div class=\"elementor-widget-container\">\n\t\t\t\t\t\t\t\t\t<h3><strong>Kronenauslichtung: Mehr Licht und Luft f\u00fcr einen gesunden Baum<\/strong><\/h3><p>Die Kronenauslichtung ist eine wichtige Ma\u00dfnahme, um das Gleichgewicht zwischen einem gesunden Baumwachstum und der Sicherheit f\u00fcr Menschen und Geb\u00e4ude zu wahren. Durch gezieltes Entfernen von \u00c4sten wird die Baumkrone ausged\u00fcnnt, ohne den nat\u00fcrlichen Wuchs des Baumes zu beeintr\u00e4chtigen. So wird mehr Licht ins Innere der Krone geleitet, und die Luftzirkulation verbessert, was sowohl dem Baum als auch seiner Umgebung zugutekommt.<\/p>\t\t\t\t\t\t\t\t<\/div>\n\t\t\t\t<\/div>\n\t\t\t\t<\/div>\n\t\t\t\t\t<\/div>\n\t\t\t\t<\/div>\n\t\t<div class=\"elementor-element elementor-element-e23c812 e-flex e-con-boxed e-con e-parent\" data-id=\"e23c812\" data-element_type=\"container\" data-e-type=\"container\">\n\t\t\t\t\t<div class=\"e-con-inner\">\n\t\t<div class=\"elementor-element elementor-element-8e9b75c e-con-full e-flex e-con e-child\" data-id=\"8e9b75c\" data-element_type=\"container\" data-e-type=\"container\">\n\t\t\t\t<\/div>\n\t\t<div class=\"elementor-element elementor-element-e712b91 e-con-full e-flex e-con e-child\" data-id=\"e712b91\" data-element_type=\"container\" data-e-type=\"container\">\n\t\t\t\t<\/div>\n\t\t\t\t\t<\/div>\n\t\t\t\t<\/div>\n\t\t<div class=\"elementor-element elementor-element-95bf719 e-flex e-con-boxed e-con e-parent\" data-id=\"95bf719\" data-element_type=\"container\" data-e-type=\"container\">\n\t\t\t\t\t<div class=\"e-con-inner\">\n\t\t\t\t\t<\/div>\n\t\t\t\t<\/div>\n\t\t\t\t<\/div>\n\t\t","protected":false},"excerpt":{"rendered":"<p>Ausgangssituation nach Kroneneink\u00fcrzung Kronenauslichtung: Mehr Licht und Luft f\u00fcr einen gesunden Baum Die Kronenauslichtung ist eine wichtige Ma\u00dfnahme, um das Gleichgewicht zwischen einem gesunden Baumwachstum und der Sicherheit f\u00fcr Menschen und Geb\u00e4ude zu wahren. Durch gezieltes Entfernen von \u00c4sten wird die Baumkrone ausged\u00fcnnt, ohne den nat\u00fcrlichen Wuchs des Baumes zu beeintr\u00e4chtigen. So wird mehr Licht [&hellip;]<\/p>\n","protected":false},"author":2,"featured_media":0,"parent":14,"menu_order":0,"comment_status":"closed","ping_status":"closed","template":"","meta":{"ocean_post_layout":"full-screen","ocean_both_sidebars_style":"","ocean_both_sidebars_content_width":0,"ocean_both_sidebars_sidebars_width":0,"ocean_sidebar":"","ocean_second_sidebar":"","ocean_disable_margins":"enable","ocean_add_body_class":"","ocean_shortcode_before_top_bar":"","ocean_shortcode_after_top_bar":"","ocean_shortcode_before_header":"","ocean_shortcode_after_header":"","ocean_has_shortcode":"","ocean_shortcode_after_title":"","ocean_shortcode_before_footer_widgets":"","ocean_shortcode_after_footer_widgets":"","ocean_shortcode_before_footer_bottom":"","ocean_shortcode_after_footer_bottom":"","ocean_display_top_bar":"off","ocean_display_header":"default","ocean_header_style":"","ocean_center_header_left_menu":"","ocean_custom_header_template":"","ocean_custom_logo":0,"ocean_custom_retina_logo":0,"ocean_custom_logo_max_width":0,"ocean_custom_logo_tablet_max_width":0,"ocean_custom_logo_mobile_max_width":0,"ocean_custom_logo_max_height":0,"ocean_custom_logo_tablet_max_height":0,"ocean_custom_logo_mobile_max_height":0,"ocean_header_custom_menu":"","ocean_menu_typo_font_family":"","ocean_menu_typo_font_subset":"","ocean_menu_typo_font_size":0,"ocean_menu_typo_font_size_tablet":0,"ocean_menu_typo_font_size_mobile":0,"ocean_menu_typo_font_size_unit":"px","ocean_menu_typo_font_weight":"","ocean_menu_typo_font_weight_tablet":"","ocean_menu_typo_font_weight_mobile":"","ocean_menu_typo_transform":"","ocean_menu_typo_transform_tablet":"","ocean_menu_typo_transform_mobile":"","ocean_menu_typo_line_height":0,"ocean_menu_typo_line_height_tablet":0,"ocean_menu_typo_line_height_mobile":0,"ocean_menu_typo_line_height_unit":"","ocean_menu_typo_spacing":0,"ocean_menu_typo_spacing_tablet":0,"ocean_menu_typo_spacing_mobile":0,"ocean_menu_typo_spacing_unit":"","ocean_menu_link_color":"","ocean_menu_link_color_hover":"","ocean_menu_link_color_active":"","ocean_menu_link_background":"","ocean_menu_link_hover_background":"","ocean_menu_link_active_background":"","ocean_menu_social_links_bg":"","ocean_menu_social_hover_links_bg":"","ocean_menu_social_links_color":"","ocean_menu_social_hover_links_color":"","ocean_disable_title":"on","ocean_disable_heading":"default","ocean_post_title":"","ocean_post_subheading":"","ocean_post_title_style":"","ocean_post_title_background_color":"","ocean_post_title_background":0,"ocean_post_title_bg_image_position":"","ocean_post_title_bg_image_attachment":"","ocean_post_title_bg_image_repeat":"","ocean_post_title_bg_image_size":"","ocean_post_title_height":0,"ocean_post_title_bg_overlay":0.5,"ocean_post_title_bg_overlay_color":"","ocean_disable_breadcrumbs":"default","ocean_breadcrumbs_color":"","ocean_breadcrumbs_separator_color":"","ocean_breadcrumbs_links_color":"","ocean_breadcrumbs_links_hover_color":"","ocean_display_footer_widgets":"off","ocean_display_footer_bottom":"off","ocean_custom_footer_template":"","footnotes":""},"class_list":["post-850","page","type-page","status-publish","hentry","entry"],"_links":{"self":[{"href":"https:\/\/www.baumpflege-berndfischer.de\/home\/wp-json\/wp\/v2\/pages\/850"}],"collection":[{"href":"https:\/\/www.baumpflege-berndfischer.de\/home\/wp-json\/wp\/v2\/pages"}],"about":[{"href":"https:\/\/www.baumpflege-berndfischer.de\/home\/wp-json\/wp\/v2\/types\/page"}],"author":[{"embeddable":true,"href":"https:\/\/www.baumpflege-berndfischer.de\/home\/wp-json\/wp\/v2\/users\/2"}],"replies":[{"embeddable":true,"href":"https:\/\/www.baumpflege-berndfischer.de\/home\/wp-json\/wp\/v2\/comments?post=850"}],"version-history":[{"count":8,"href":"https:\/\/www.baumpflege-berndfischer.de\/home\/wp-json\/wp\/v2\/pages\/850\/revisions"}],"predecessor-version":[{"id":1059,"href":"https:\/\/www.baumpflege-berndfischer.de\/home\/wp-json\/wp\/v2\/pages\/850\/revisions\/1059"}],"up":[{"embeddable":true,"href":"https:\/\/www.baumpflege-berndfischer.de\/home\/wp-json\/wp\/v2\/pages\/14"}],"wp:attachment":[{"href":"https:\/\/www.baumpflege-berndfischer.de\/home\/wp-json\/wp\/v2\/media?parent=850"}],"curies":[{"name":"wp","href":"https:\/\/api.w.org\/{rel}","templated":true}]}}