{"id":852,"date":"2024-10-11T19:26:54","date_gmt":"2024-10-11T18:26:54","guid":{"rendered":"https:\/\/www.baumpflege-berndfischer.de\/home\/?page_id=852"},"modified":"2025-02-08T12:03:09","modified_gmt":"2025-02-08T11:03:09","slug":"totholzentfernung","status":"publish","type":"page","link":"https:\/\/www.baumpflege-berndfischer.de\/home\/leistungen\/totholzentfernung\/","title":{"rendered":"Totholzentfernung"},"content":{"rendered":"\t\t<div data-elementor-type=\"wp-page\" data-elementor-id=\"852\" class=\"elementor elementor-852\">\n\t\t\t\t<div class=\"elementor-element elementor-element-8948c05 e-flex e-con-boxed e-con e-parent\" data-id=\"8948c05\" data-element_type=\"container\" data-e-type=\"container\">\n\t\t\t\t\t<div class=\"e-con-inner\">\n\t\t<div class=\"elementor-element elementor-element-9b6eb55 e-con-full e-flex e-con e-child\" data-id=\"9b6eb55\" data-element_type=\"container\" data-e-type=\"container\">\n\t\t\t\t<div class=\"elementor-element elementor-element-138bf43 elementor-widget elementor-widget-image\" data-id=\"138bf43\" data-element_type=\"widget\" data-e-type=\"widget\" data-widget_type=\"image.default\">\n\t\t\t\t<div class=\"elementor-widget-container\">\n\t\t\t\t\t\t\t\t\t\t\t\t\t\t\t<img fetchpriority=\"high\" decoding=\"async\" width=\"201\" height=\"300\" src=\"https:\/\/www.baumpflege-berndfischer.de\/wp-content\/uploads\/2025\/02\/Totholz-201x300.jpg\" class=\"attachment-medium size-medium wp-image-1035\" alt=\"\" srcset=\"https:\/\/www.baumpflege-berndfischer.de\/wp-content\/uploads\/2025\/02\/Totholz-201x300.jpg 201w, https:\/\/www.baumpflege-berndfischer.de\/wp-content\/uploads\/2025\/02\/Totholz-686x1024.jpg 686w, https:\/\/www.baumpflege-berndfischer.de\/wp-content\/uploads\/2025\/02\/Totholz-768x1147.jpg 768w, https:\/\/www.baumpflege-berndfischer.de\/wp-content\/uploads\/2025\/02\/Totholz-1029x1536.jpg 1029w, https:\/\/www.baumpflege-berndfischer.de\/wp-content\/uploads\/2025\/02\/Totholz-1372x2048.jpg 1372w, https:\/\/www.baumpflege-berndfischer.de\/wp-content\/uploads\/2025\/02\/Totholz-scaled.jpg 1715w\" sizes=\"(max-width: 201px) 100vw, 201px\" \/>\t\t\t\t\t\t\t\t\t\t\t\t\t\t\t<\/div>\n\t\t\t\t<\/div>\n\t\t\t\t<\/div>\n\t\t<div class=\"elementor-element elementor-element-48521cb e-con-full e-flex e-con e-child\" data-id=\"48521cb\" data-element_type=\"container\" data-e-type=\"container\">\n\t\t\t\t<div class=\"elementor-element elementor-element-1b75d42 elementor-widget elementor-widget-text-editor\" data-id=\"1b75d42\" data-element_type=\"widget\" data-e-type=\"widget\" data-widget_type=\"text-editor.default\">\n\t\t\t\t<div class=\"elementor-widget-container\">\n\t\t\t\t\t\t\t\t\t<h3><strong>Totholzentfernung: Sicherheit und Gesundheit f\u00fcr Ihren Baum<\/strong><\/h3><p>Totholz entsteht durch nat\u00fcrliche Alterungsprozesse, Krankheiten oder Umwelteinfl\u00fcsse. Diese toten \u00c4ste verbleiben oft in der Krone, trocknen aus und werden br\u00fcchig. Ohne rechtzeitige Entfernung erh\u00f6ht sich das Risiko, dass sie bei Sturm oder sogar bei normalem Wetter unvermittelt abbrechen. Neben den Gefahren f\u00fcr die Umgebung kann das verbleibende Totholz auch die Baumgesundheit negativ beeinflussen, da es den Baum schw\u00e4cht und Sch\u00e4dlingen sowie Pilzen einen idealen N\u00e4hrboden bietet.<\/p>\t\t\t\t\t\t\t\t<\/div>\n\t\t\t\t<\/div>\n\t\t\t\t<\/div>\n\t\t\t\t\t<\/div>\n\t\t\t\t<\/div>\n\t\t<div class=\"elementor-element elementor-element-fe4b26b e-flex e-con-boxed e-con e-parent\" data-id=\"fe4b26b\" data-element_type=\"container\" data-e-type=\"container\">\n\t\t\t\t\t<div class=\"e-con-inner\">\n\t\t\t\t\t<\/div>\n\t\t\t\t<\/div>\n\t\t\t\t<\/div>\n\t\t","protected":false},"excerpt":{"rendered":"<p>Totholzentfernung: Sicherheit und Gesundheit f\u00fcr Ihren Baum Totholz entsteht durch nat\u00fcrliche Alterungsprozesse, Krankheiten oder Umwelteinfl\u00fcsse. Diese toten \u00c4ste verbleiben oft in der Krone, trocknen aus und werden br\u00fcchig. Ohne rechtzeitige Entfernung erh\u00f6ht sich das Risiko, dass sie bei Sturm oder sogar bei normalem Wetter unvermittelt abbrechen. Neben den Gefahren f\u00fcr die Umgebung kann das verbleibende [&hellip;]<\/p>\n","protected":false},"author":2,"featured_media":0,"parent":14,"menu_order":0,"comment_status":"closed","ping_status":"closed","template":"","meta":{"ocean_post_layout":"full-screen","ocean_both_sidebars_style":"","ocean_both_sidebars_content_width":0,"ocean_both_sidebars_sidebars_width":0,"ocean_sidebar":"","ocean_second_sidebar":"","ocean_disable_margins":"enable","ocean_add_body_class":"","ocean_shortcode_before_top_bar":"","ocean_shortcode_after_top_bar":"","ocean_shortcode_before_header":"","ocean_shortcode_after_header":"","ocean_has_shortcode":"","ocean_shortcode_after_title":"","ocean_shortcode_before_footer_widgets":"","ocean_shortcode_after_footer_widgets":"","ocean_shortcode_before_footer_bottom":"","ocean_shortcode_after_footer_bottom":"","ocean_display_top_bar":"off","ocean_display_header":"default","ocean_header_style":"","ocean_center_header_left_menu":"","ocean_custom_header_template":"","ocean_custom_logo":0,"ocean_custom_retina_logo":0,"ocean_custom_logo_max_width":0,"ocean_custom_logo_tablet_max_width":0,"ocean_custom_logo_mobile_max_width":0,"ocean_custom_logo_max_height":0,"ocean_custom_logo_tablet_max_height":0,"ocean_custom_logo_mobile_max_height":0,"ocean_header_custom_menu":"","ocean_menu_typo_font_family":"","ocean_menu_typo_font_subset":"","ocean_menu_typo_font_size":0,"ocean_menu_typo_font_size_tablet":0,"ocean_menu_typo_font_size_mobile":0,"ocean_menu_typo_font_size_unit":"px","ocean_menu_typo_font_weight":"","ocean_menu_typo_font_weight_tablet":"","ocean_menu_typo_font_weight_mobile":"","ocean_menu_typo_transform":"","ocean_menu_typo_transform_tablet":"","ocean_menu_typo_transform_mobile":"","ocean_menu_typo_line_height":0,"ocean_menu_typo_line_height_tablet":0,"ocean_menu_typo_line_height_mobile":0,"ocean_menu_typo_line_height_unit":"","ocean_menu_typo_spacing":0,"ocean_menu_typo_spacing_tablet":0,"ocean_menu_typo_spacing_mobile":0,"ocean_menu_typo_spacing_unit":"","ocean_menu_link_color":"","ocean_menu_link_color_hover":"","ocean_menu_link_color_active":"","ocean_menu_link_background":"","ocean_menu_link_hover_background":"","ocean_menu_link_active_background":"","ocean_menu_social_links_bg":"","ocean_menu_social_hover_links_bg":"","ocean_menu_social_links_color":"","ocean_menu_social_hover_links_color":"","ocean_disable_title":"on","ocean_disable_heading":"default","ocean_post_title":"","ocean_post_subheading":"","ocean_post_title_style":"","ocean_post_title_background_color":"","ocean_post_title_background":0,"ocean_post_title_bg_image_position":"","ocean_post_title_bg_image_attachment":"","ocean_post_title_bg_image_repeat":"","ocean_post_title_bg_image_size":"","ocean_post_title_height":0,"ocean_post_title_bg_overlay":0.5,"ocean_post_title_bg_overlay_color":"","ocean_disable_breadcrumbs":"default","ocean_breadcrumbs_color":"","ocean_breadcrumbs_separator_color":"","ocean_breadcrumbs_links_color":"","ocean_breadcrumbs_links_hover_color":"","ocean_display_footer_widgets":"off","ocean_display_footer_bottom":"off","ocean_custom_footer_template":"","footnotes":""},"class_list":["post-852","page","type-page","status-publish","hentry","entry"],"_links":{"self":[{"href":"https:\/\/www.baumpflege-berndfischer.de\/home\/wp-json\/wp\/v2\/pages\/852"}],"collection":[{"href":"https:\/\/www.baumpflege-berndfischer.de\/home\/wp-json\/wp\/v2\/pages"}],"about":[{"href":"https:\/\/www.baumpflege-berndfischer.de\/home\/wp-json\/wp\/v2\/types\/page"}],"author":[{"embeddable":true,"href":"https:\/\/www.baumpflege-berndfischer.de\/home\/wp-json\/wp\/v2\/users\/2"}],"replies":[{"embeddable":true,"href":"https:\/\/www.baumpflege-berndfischer.de\/home\/wp-json\/wp\/v2\/comments?post=852"}],"version-history":[{"count":11,"href":"https:\/\/www.baumpflege-berndfischer.de\/home\/wp-json\/wp\/v2\/pages\/852\/revisions"}],"predecessor-version":[{"id":1049,"href":"https:\/\/www.baumpflege-berndfischer.de\/home\/wp-json\/wp\/v2\/pages\/852\/revisions\/1049"}],"up":[{"embeddable":true,"href":"https:\/\/www.baumpflege-berndfischer.de\/home\/wp-json\/wp\/v2\/pages\/14"}],"wp:attachment":[{"href":"https:\/\/www.baumpflege-berndfischer.de\/home\/wp-json\/wp\/v2\/media?parent=852"}],"curies":[{"name":"wp","href":"https:\/\/api.w.org\/{rel}","templated":true}]}}