{"id":855,"date":"2024-10-11T19:30:43","date_gmt":"2024-10-11T18:30:43","guid":{"rendered":"https:\/\/www.baumpflege-berndfischer.de\/home\/?page_id=855"},"modified":"2025-02-08T12:03:40","modified_gmt":"2025-02-08T11:03:40","slug":"sturmschaeden","status":"publish","type":"page","link":"https:\/\/www.baumpflege-berndfischer.de\/home\/leistungen\/sturmschaeden\/","title":{"rendered":"Sturmsch\u00e4den"},"content":{"rendered":"\t\t<div data-elementor-type=\"wp-page\" data-elementor-id=\"855\" class=\"elementor elementor-855\">\n\t\t\t\t<div class=\"elementor-element elementor-element-a41d8dd e-flex e-con-boxed e-con e-parent\" data-id=\"a41d8dd\" data-element_type=\"container\" data-e-type=\"container\">\n\t\t\t\t\t<div class=\"e-con-inner\">\n\t\t<div class=\"elementor-element elementor-element-6e65487 e-con-full e-flex e-con e-child\" data-id=\"6e65487\" data-element_type=\"container\" data-e-type=\"container\">\n\t\t\t\t<div class=\"elementor-element elementor-element-1a2fc4c elementor-widget elementor-widget-image\" data-id=\"1a2fc4c\" data-element_type=\"widget\" data-e-type=\"widget\" data-widget_type=\"image.default\">\n\t\t\t\t<div class=\"elementor-widget-container\">\n\t\t\t\t\t\t\t\t\t\t\t\t\t\t\t<img fetchpriority=\"high\" decoding=\"async\" width=\"225\" height=\"300\" src=\"https:\/\/www.baumpflege-berndfischer.de\/wp-content\/uploads\/2025\/02\/Sturmschaden-aufgerissener-Zwiesel-225x300.jpg\" class=\"attachment-medium size-medium wp-image-1039\" alt=\"\" srcset=\"https:\/\/www.baumpflege-berndfischer.de\/wp-content\/uploads\/2025\/02\/Sturmschaden-aufgerissener-Zwiesel-225x300.jpg 225w, https:\/\/www.baumpflege-berndfischer.de\/wp-content\/uploads\/2025\/02\/Sturmschaden-aufgerissener-Zwiesel-768x1024.jpg 768w, https:\/\/www.baumpflege-berndfischer.de\/wp-content\/uploads\/2025\/02\/Sturmschaden-aufgerissener-Zwiesel-1152x1536.jpg 1152w, https:\/\/www.baumpflege-berndfischer.de\/wp-content\/uploads\/2025\/02\/Sturmschaden-aufgerissener-Zwiesel-1536x2048.jpg 1536w, https:\/\/www.baumpflege-berndfischer.de\/wp-content\/uploads\/2025\/02\/Sturmschaden-aufgerissener-Zwiesel-scaled.jpg 1920w\" sizes=\"(max-width: 225px) 100vw, 225px\" \/>\t\t\t\t\t\t\t\t\t\t\t\t\t\t\t<\/div>\n\t\t\t\t<\/div>\n\t\t\t\t<\/div>\n\t\t<div class=\"elementor-element elementor-element-a39606d e-con-full e-flex e-con e-child\" data-id=\"a39606d\" data-element_type=\"container\" data-e-type=\"container\">\n\t\t\t\t<div class=\"elementor-element elementor-element-0bffa6a elementor-widget elementor-widget-text-editor\" data-id=\"0bffa6a\" data-element_type=\"widget\" data-e-type=\"widget\" data-widget_type=\"text-editor.default\">\n\t\t\t\t<div class=\"elementor-widget-container\">\n\t\t\t\t\t\t\t\t\t<h3><strong>Sturmsch\u00e4den: Schnelle Hilfe f\u00fcr Ihre B\u00e4ume nach Unwettern<\/strong><\/h3><p>Sturmsch\u00e4den an B\u00e4umen sind oft auf den ersten Blick nicht vollst\u00e4ndig erkennbar. Oberfl\u00e4chlich intakte B\u00e4ume k\u00f6nnen durch verdeckte Risse oder instabile \u00c4ste zu einem sp\u00e4teren Zeitpunkt abbrechen. Auch vermeintlich gerettete B\u00e4ume ben\u00f6tigen oft spezielle Pflege, um sich vollst\u00e4ndig zu erholen. Eine schnelle und fachgerechte Beseitigung von Sturmsch\u00e4den hilft nicht nur, die unmittelbare Gefahr zu bannen, sondern tr\u00e4gt auch zur langfristigen Erhaltung der B\u00e4ume bei.<\/p>\t\t\t\t\t\t\t\t<\/div>\n\t\t\t\t<\/div>\n\t\t\t\t<\/div>\n\t\t\t\t\t<\/div>\n\t\t\t\t<\/div>\n\t\t<div class=\"elementor-element elementor-element-c5ed9c3 e-flex e-con-boxed e-con e-parent\" data-id=\"c5ed9c3\" data-element_type=\"container\" data-e-type=\"container\">\n\t\t\t\t\t<div class=\"e-con-inner\">\n\t\t\t\t\t<\/div>\n\t\t\t\t<\/div>\n\t\t\t\t<\/div>\n\t\t","protected":false},"excerpt":{"rendered":"<p>Sturmsch\u00e4den: Schnelle Hilfe f\u00fcr Ihre B\u00e4ume nach Unwettern Sturmsch\u00e4den an B\u00e4umen sind oft auf den ersten Blick nicht vollst\u00e4ndig erkennbar. Oberfl\u00e4chlich intakte B\u00e4ume k\u00f6nnen durch verdeckte Risse oder instabile \u00c4ste zu einem sp\u00e4teren Zeitpunkt abbrechen. Auch vermeintlich gerettete B\u00e4ume ben\u00f6tigen oft spezielle Pflege, um sich vollst\u00e4ndig zu erholen. Eine schnelle und fachgerechte Beseitigung von Sturmsch\u00e4den [&hellip;]<\/p>\n","protected":false},"author":2,"featured_media":0,"parent":14,"menu_order":0,"comment_status":"closed","ping_status":"closed","template":"","meta":{"ocean_post_layout":"full-screen","ocean_both_sidebars_style":"","ocean_both_sidebars_content_width":0,"ocean_both_sidebars_sidebars_width":0,"ocean_sidebar":"","ocean_second_sidebar":"","ocean_disable_margins":"enable","ocean_add_body_class":"","ocean_shortcode_before_top_bar":"","ocean_shortcode_after_top_bar":"","ocean_shortcode_before_header":"","ocean_shortcode_after_header":"","ocean_has_shortcode":"","ocean_shortcode_after_title":"","ocean_shortcode_before_footer_widgets":"","ocean_shortcode_after_footer_widgets":"","ocean_shortcode_before_footer_bottom":"","ocean_shortcode_after_footer_bottom":"","ocean_display_top_bar":"off","ocean_display_header":"default","ocean_header_style":"","ocean_center_header_left_menu":"","ocean_custom_header_template":"","ocean_custom_logo":0,"ocean_custom_retina_logo":0,"ocean_custom_logo_max_width":0,"ocean_custom_logo_tablet_max_width":0,"ocean_custom_logo_mobile_max_width":0,"ocean_custom_logo_max_height":0,"ocean_custom_logo_tablet_max_height":0,"ocean_custom_logo_mobile_max_height":0,"ocean_header_custom_menu":"","ocean_menu_typo_font_family":"","ocean_menu_typo_font_subset":"","ocean_menu_typo_font_size":0,"ocean_menu_typo_font_size_tablet":0,"ocean_menu_typo_font_size_mobile":0,"ocean_menu_typo_font_size_unit":"px","ocean_menu_typo_font_weight":"","ocean_menu_typo_font_weight_tablet":"","ocean_menu_typo_font_weight_mobile":"","ocean_menu_typo_transform":"","ocean_menu_typo_transform_tablet":"","ocean_menu_typo_transform_mobile":"","ocean_menu_typo_line_height":0,"ocean_menu_typo_line_height_tablet":0,"ocean_menu_typo_line_height_mobile":0,"ocean_menu_typo_line_height_unit":"","ocean_menu_typo_spacing":0,"ocean_menu_typo_spacing_tablet":0,"ocean_menu_typo_spacing_mobile":0,"ocean_menu_typo_spacing_unit":"","ocean_menu_link_color":"","ocean_menu_link_color_hover":"","ocean_menu_link_color_active":"","ocean_menu_link_background":"","ocean_menu_link_hover_background":"","ocean_menu_link_active_background":"","ocean_menu_social_links_bg":"","ocean_menu_social_hover_links_bg":"","ocean_menu_social_links_color":"","ocean_menu_social_hover_links_color":"","ocean_disable_title":"on","ocean_disable_heading":"default","ocean_post_title":"","ocean_post_subheading":"","ocean_post_title_style":"","ocean_post_title_background_color":"","ocean_post_title_background":0,"ocean_post_title_bg_image_position":"","ocean_post_title_bg_image_attachment":"","ocean_post_title_bg_image_repeat":"","ocean_post_title_bg_image_size":"","ocean_post_title_height":0,"ocean_post_title_bg_overlay":0.5,"ocean_post_title_bg_overlay_color":"","ocean_disable_breadcrumbs":"default","ocean_breadcrumbs_color":"","ocean_breadcrumbs_separator_color":"","ocean_breadcrumbs_links_color":"","ocean_breadcrumbs_links_hover_color":"","ocean_display_footer_widgets":"off","ocean_display_footer_bottom":"off","ocean_custom_footer_template":"","footnotes":""},"class_list":["post-855","page","type-page","status-publish","hentry","entry"],"_links":{"self":[{"href":"https:\/\/www.baumpflege-berndfischer.de\/home\/wp-json\/wp\/v2\/pages\/855"}],"collection":[{"href":"https:\/\/www.baumpflege-berndfischer.de\/home\/wp-json\/wp\/v2\/pages"}],"about":[{"href":"https:\/\/www.baumpflege-berndfischer.de\/home\/wp-json\/wp\/v2\/types\/page"}],"author":[{"embeddable":true,"href":"https:\/\/www.baumpflege-berndfischer.de\/home\/wp-json\/wp\/v2\/users\/2"}],"replies":[{"embeddable":true,"href":"https:\/\/www.baumpflege-berndfischer.de\/home\/wp-json\/wp\/v2\/comments?post=855"}],"version-history":[{"count":11,"href":"https:\/\/www.baumpflege-berndfischer.de\/home\/wp-json\/wp\/v2\/pages\/855\/revisions"}],"predecessor-version":[{"id":1052,"href":"https:\/\/www.baumpflege-berndfischer.de\/home\/wp-json\/wp\/v2\/pages\/855\/revisions\/1052"}],"up":[{"embeddable":true,"href":"https:\/\/www.baumpflege-berndfischer.de\/home\/wp-json\/wp\/v2\/pages\/14"}],"wp:attachment":[{"href":"https:\/\/www.baumpflege-berndfischer.de\/home\/wp-json\/wp\/v2\/media?parent=855"}],"curies":[{"name":"wp","href":"https:\/\/api.w.org\/{rel}","templated":true}]}}